{"id":78,"date":"2026-03-29T15:35:03","date_gmt":"2026-03-29T15:35:03","guid":{"rendered":"https:\/\/suninabox.be\/?page_id=78"},"modified":"2026-04-05T07:03:04","modified_gmt":"2026-04-05T07:03:04","slug":"accueil","status":"publish","type":"page","link":"https:\/\/suninabox.be\/?page_id=78","title":{"rendered":"Ce que je propose"},"content":{"rendered":"\n<p>Vous avez trop de choses sur votre to-do list et pas assez d\u2019heures dans votre journ\u00e9e&nbsp;?&nbsp;<\/p>\n\n\n\n<p>C\u2019est exactement l\u00e0 que j\u2019interviens. \u2600<\/p>\n\n\n\n<p>Apr\u00e8s plus de 15 ans d\u2019exp\u00e9rience \u00e0 structurer, coordonner et optimiser des organisations de toutes tailles \u2014 d\u2019un service client\u00e8le \u00e0 une agence de location immobili\u00e8re jusqu\u2019\u00e0 un Cabinet Minist\u00e9riel \u2014 j\u2019ai cr\u00e9\u00e9 Sun in a Box pour mettre mes comp\u00e9tences au service de ceux qui en ont besoin.<\/p>\n\n\n\n<p>J\u2019interviens l\u00e0 o\u00f9 vous avez besoin d\u2019un coup de main, d\u2019un coup de boost \u2014 ou des deux.&nbsp;<\/p>\n\n\n\n<p>Voici ce que je peux faire pour vous&nbsp;:<\/p>\n\n\n\n<figure class=\"wp-block-table\"><table class=\"has-fixed-layout\"><tbody><tr><td><strong>Organisation<\/strong><br><br>\u2600 \u00c9v\u00e9nements, soir\u00e9es, inaugurations, voyages<br>\u2600 Team buildings et animations de coh\u00e9sion d\u2019\u00e9quipe<br>\u2600 D\u00e9m\u00e9nagements priv\u00e9s et professionnels<br>\u2600 Accompagnement organisationnel pour tous projets<\/td><\/tr><\/tbody><\/table><\/figure>\n\n\n\n<figure class=\"wp-block-table\"><table class=\"has-fixed-layout\"><tbody><tr><td><strong>Gestion &amp; Coordination<\/strong><br><br>\u2600 Gestion de projets de A \u00e0 Z&nbsp;: suivi, coordination, \u00e9valuation<br>\u2600 Aide administrative et logistique<br>\u2600 Coordination d\u2019\u00e9quipes et de prestataires externes<\/td><\/tr><\/tbody><\/table><\/figure>\n\n\n\n<figure class=\"wp-block-table\"><table class=\"has-fixed-layout\"><tbody><tr><td><strong>Optimisation&nbsp;<\/strong><br><br>\u2600 Mise en place de proc\u00e9dures internes et m\u00e9thodologie<br>\u2600 Analyse et am\u00e9lioration de vos proc\u00e9dures internes<br>\u2600 Optimisation de l\u2019organisation de votre bureau ou domicile<br>\u2600 D\u00e9sencombrement, tri et optimisation des espaces (home organizer)<br>\u2600 Analyse des d\u00e9penses et des co\u00fbts&nbsp;<\/td><\/tr><\/tbody><\/table><\/figure>\n\n\n\n<figure class=\"wp-block-table\"><table class=\"has-fixed-layout\"><tbody><tr><td><strong>Planification<\/strong><br><br>\u2600 R\u00e9tro-planning et gestion des objectifs<br>\u2600 Gestion du temps, mise en place et suivi de to-do lists<br>\u2600 Transformation de concepts abstraits en plans d\u2019action concrets<br>\u2600 Accompagnement dans le lancement d\u2019un projet<\/td><\/tr><\/tbody><\/table><\/figure>\n\n\n\n<p>\ud83d\udce9 Un projet qui stagne, un \u00e9v\u00e9nement \u00e0 organiser, une m\u00e9thode \u00e0 optimiser&nbsp;?<\/p>\n\n\n\n<p><a href=\"https:\/\/suninabox.be\/?page_id=90&amp;lang=fr\" data-type=\"page\" data-id=\"90\">Contactez-moi <\/a>\u2014 je m\u2019occupe de tout \u2600<\/p>\n\n\n\n<p><\/p>\n","protected":false},"excerpt":{"rendered":"<p>Vous avez trop de choses sur votre to-do list et pas assez d\u2019heures dans votre journ\u00e9e&nbsp;?&nbsp; C\u2019est exactement l\u00e0 que [&hellip;]<\/p>\n","protected":false},"author":3,"featured_media":0,"parent":0,"menu_order":0,"comment_status":"closed","ping_status":"closed","template":"","meta":{"site-sidebar-layout":"default","site-content-layout":"","ast-site-content-layout":"default","site-content-style":"default","site-sidebar-style":"default","ast-global-header-display":"","ast-banner-title-visibility":"","ast-main-header-display":"","ast-hfb-above-header-display":"","ast-hfb-below-header-display":"","ast-hfb-mobile-header-display":"","site-post-title":"","ast-breadcrumbs-content":"","ast-featured-img":"","footer-sml-layout":"","ast-disable-related-posts":"","theme-transparent-header-meta":"","adv-header-id-meta":"","stick-header-meta":"","header-above-stick-meta":"","header-main-stick-meta":"","header-below-stick-meta":"","astra-migrate-meta-layouts":"default","ast-page-background-enabled":"default","ast-page-background-meta":{"desktop":{"background-color":"var(--ast-global-color-5)","background-image":"","background-repeat":"repeat","background-position":"center center","background-size":"auto","background-attachment":"scroll","background-type":"","background-media":"","overlay-type":"","overlay-color":"","overlay-opacity":"","overlay-gradient":""},"tablet":{"background-color":"","background-image":"","background-repeat":"repeat","background-position":"center center","background-size":"auto","background-attachment":"scroll","background-type":"","background-media":"","overlay-type":"","overlay-color":"","overlay-opacity":"","overlay-gradient":""},"mobile":{"background-color":"","background-image":"","background-repeat":"repeat","background-position":"center center","background-size":"auto","background-attachment":"scroll","background-type":"","background-media":"","overlay-type":"","overlay-color":"","overlay-opacity":"","overlay-gradient":""}},"ast-content-background-meta":{"desktop":{"background-color":"var(--ast-global-color-4)","background-image":"","background-repeat":"repeat","background-position":"center center","background-size":"auto","background-attachment":"scroll","background-type":"","background-media":"","overlay-type":"","overlay-color":"","overlay-opacity":"","overlay-gradient":""},"tablet":{"background-color":"var(--ast-global-color-4)","background-image":"","background-repeat":"repeat","background-position":"center center","background-size":"auto","background-attachment":"scroll","background-type":"","background-media":"","overlay-type":"","overlay-color":"","overlay-opacity":"","overlay-gradient":""},"mobile":{"background-color":"var(--ast-global-color-4)","background-image":"","background-repeat":"repeat","background-position":"center center","background-size":"auto","background-attachment":"scroll","background-type":"","background-media":"","overlay-type":"","overlay-color":"","overlay-opacity":"","overlay-gradient":""}},"footnotes":""},"class_list":["post-78","page","type-page","status-publish","hentry"],"_links":{"self":[{"href":"https:\/\/suninabox.be\/index.php?rest_route=\/wp\/v2\/pages\/78","targetHints":{"allow":["GET"]}}],"collection":[{"href":"https:\/\/suninabox.be\/index.php?rest_route=\/wp\/v2\/pages"}],"about":[{"href":"https:\/\/suninabox.be\/index.php?rest_route=\/wp\/v2\/types\/page"}],"author":[{"embeddable":true,"href":"https:\/\/suninabox.be\/index.php?rest_route=\/wp\/v2\/users\/3"}],"replies":[{"embeddable":true,"href":"https:\/\/suninabox.be\/index.php?rest_route=%2Fwp%2Fv2%2Fcomments&post=78"}],"version-history":[{"count":12,"href":"https:\/\/suninabox.be\/index.php?rest_route=\/wp\/v2\/pages\/78\/revisions"}],"predecessor-version":[{"id":846,"href":"https:\/\/suninabox.be\/index.php?rest_route=\/wp\/v2\/pages\/78\/revisions\/846"}],"wp:attachment":[{"href":"https:\/\/suninabox.be\/index.php?rest_route=%2Fwp%2Fv2%2Fmedia&parent=78"}],"curies":[{"name":"wp","href":"https:\/\/api.w.org\/{rel}","templated":true}]}}