{"id":84,"date":"2026-03-29T15:35:03","date_gmt":"2026-03-29T15:35:03","guid":{"rendered":"https:\/\/suninabox.be\/?page_id=84"},"modified":"2026-04-02T17:10:44","modified_gmt":"2026-04-02T17:10:44","slug":"pourquoi-moi","status":"publish","type":"page","link":"https:\/\/suninabox.be\/?page_id=84","title":{"rendered":"5 bonnes raisons de faire appel \u00e0 Sun in a Box"},"content":{"rendered":"\n<p><\/p>\n\n\n\n<figure class=\"wp-block-table\"><table class=\"has-fixed-layout\"><tbody><tr><td>\u2600 <strong>Je suis ultra-polyvalente<\/strong><br><br>Organisation, gestion, optimisation, home organising, voyages, administratif\u2026 vous pouvez me confier plusieurs types de missions en m\u00eame temps.&nbsp;<br>Plus besoin de chercher plusieurs prestataires diff\u00e9rents.<\/td><\/tr><\/tbody><\/table><\/figure>\n\n\n\n<figure class=\"wp-block-table\"><table class=\"has-fixed-layout\"><tbody><tr><td>\u2600 <strong>Je vous fais gagner du temps et de l\u2019\u00e9nergie<\/strong><br><br>Je viens barrer des choses sur votre to-do list. Une fois que vous m\u2019avez confi\u00e9 une mission et que j\u2019ai tout ce qu\u2019il me faut, vous n\u2019avez plus \u00e0 vous en pr\u00e9occuper.&nbsp;<br>Je prends en charge les t\u00e2ches pour lesquelles personne n\u2019a le temps.<\/td><\/tr><\/tbody><\/table><\/figure>\n\n\n\n<figure class=\"wp-block-table\"><table class=\"has-fixed-layout\"><tbody><tr><td>\u2600 <strong>Pas de recrutement, pas de tracas<\/strong><br><br>Pas besoin de recruter et de se demander quel contrat proposer.&nbsp;<br>Vous faites appel \u00e0 moi pour une mission courte, ponctuelle ou \u00e0 plus long terme \u2014 avec toute la flexibilit\u00e9 que \u00e7a implique.<\/td><\/tr><\/tbody><\/table><\/figure>\n\n\n\n<figure class=\"wp-block-table\"><table class=\"has-fixed-layout\"><tbody><tr><td>\u2600 <strong>J\u2019apporte un regard ext\u00e9rieur<\/strong><br><br>Gr\u00e2ce \u00e0 mon exp\u00e9rience et \u00e0 mon empathie, je d\u00e9tecte rapidement les besoins et les points \u00e0 am\u00e9liorer.&nbsp;<br>Je peux analyser vos d\u00e9penses, optimiser vos proc\u00e9dures ou remettre de la structure l\u00e0 o\u00f9 il en faut.<\/td><\/tr><\/tbody><\/table><\/figure>\n\n\n\n<figure class=\"wp-block-table\"><table class=\"has-fixed-layout\"><tbody><tr><td>\u2600 <strong>Je suis disponible et flexible<\/strong><br><br>Je m\u2019adapte \u00e0 toutes situations, m\u00eame les plus urgentes.<br>Disponible sur site ou \u00e0 distance, \u00e0 Li\u00e8ge et environs.&nbsp;<br>En fran\u00e7ais, anglais ou n\u00e9erlandais.<\/td><\/tr><\/tbody><\/table><\/figure>\n","protected":false},"excerpt":{"rendered":"<p>\u2600 Je suis ultra-polyvalente Organisation, gestion, optimisation, home organising, voyages, administratif\u2026 vous pouvez me confier plusieurs types de missions en [&hellip;]<\/p>\n","protected":false},"author":3,"featured_media":0,"parent":0,"menu_order":0,"comment_status":"closed","ping_status":"closed","template":"","meta":{"site-sidebar-layout":"default","site-content-layout":"","ast-site-content-layout":"default","site-content-style":"default","site-sidebar-style":"default","ast-global-header-display":"","ast-banner-title-visibility":"","ast-main-header-display":"","ast-hfb-above-header-display":"","ast-hfb-below-header-display":"","ast-hfb-mobile-header-display":"","site-post-title":"","ast-breadcrumbs-content":"","ast-featured-img":"","footer-sml-layout":"","ast-disable-related-posts":"","theme-transparent-header-meta":"","adv-header-id-meta":"","stick-header-meta":"","header-above-stick-meta":"","header-main-stick-meta":"","header-below-stick-meta":"","astra-migrate-meta-layouts":"default","ast-page-background-enabled":"default","ast-page-background-meta":{"desktop":{"background-color":"var(--ast-global-color-5)","background-image":"","background-repeat":"repeat","background-position":"center center","background-size":"auto","background-attachment":"scroll","background-type":"","background-media":"","overlay-type":"","overlay-color":"","overlay-opacity":"","overlay-gradient":""},"tablet":{"background-color":"","background-image":"","background-repeat":"repeat","background-position":"center center","background-size":"auto","background-attachment":"scroll","background-type":"","background-media":"","overlay-type":"","overlay-color":"","overlay-opacity":"","overlay-gradient":""},"mobile":{"background-color":"","background-image":"","background-repeat":"repeat","background-position":"center center","background-size":"auto","background-attachment":"scroll","background-type":"","background-media":"","overlay-type":"","overlay-color":"","overlay-opacity":"","overlay-gradient":""}},"ast-content-background-meta":{"desktop":{"background-color":"var(--ast-global-color-4)","background-image":"","background-repeat":"repeat","background-position":"center center","background-size":"auto","background-attachment":"scroll","background-type":"","background-media":"","overlay-type":"","overlay-color":"","overlay-opacity":"","overlay-gradient":""},"tablet":{"background-color":"var(--ast-global-color-4)","background-image":"","background-repeat":"repeat","background-position":"center center","background-size":"auto","background-attachment":"scroll","background-type":"","background-media":"","overlay-type":"","overlay-color":"","overlay-opacity":"","overlay-gradient":""},"mobile":{"background-color":"var(--ast-global-color-4)","background-image":"","background-repeat":"repeat","background-position":"center center","background-size":"auto","background-attachment":"scroll","background-type":"","background-media":"","overlay-type":"","overlay-color":"","overlay-opacity":"","overlay-gradient":""}},"footnotes":""},"class_list":["post-84","page","type-page","status-publish","hentry"],"_links":{"self":[{"href":"https:\/\/suninabox.be\/index.php?rest_route=\/wp\/v2\/pages\/84","targetHints":{"allow":["GET"]}}],"collection":[{"href":"https:\/\/suninabox.be\/index.php?rest_route=\/wp\/v2\/pages"}],"about":[{"href":"https:\/\/suninabox.be\/index.php?rest_route=\/wp\/v2\/types\/page"}],"author":[{"embeddable":true,"href":"https:\/\/suninabox.be\/index.php?rest_route=\/wp\/v2\/users\/3"}],"replies":[{"embeddable":true,"href":"https:\/\/suninabox.be\/index.php?rest_route=%2Fwp%2Fv2%2Fcomments&post=84"}],"version-history":[{"count":9,"href":"https:\/\/suninabox.be\/index.php?rest_route=\/wp\/v2\/pages\/84\/revisions"}],"predecessor-version":[{"id":618,"href":"https:\/\/suninabox.be\/index.php?rest_route=\/wp\/v2\/pages\/84\/revisions\/618"}],"wp:attachment":[{"href":"https:\/\/suninabox.be\/index.php?rest_route=%2Fwp%2Fv2%2Fmedia&parent=84"}],"curies":[{"name":"wp","href":"https:\/\/api.w.org\/{rel}","templated":true}]}}